{"id":359,"date":"2018-10-16T12:23:31","date_gmt":"2018-10-16T12:23:31","guid":{"rendered":"http:\/\/localhost\/themeforest\/themes\/lovetravel\/?page_id=359"},"modified":"2021-11-06T05:02:13","modified_gmt":"2021-11-06T05:02:13","slug":"footer","status":"publish","type":"page","link":"http:\/\/taximauritius.com\/en\/footer\/","title":{"rendered":"Footer"},"content":{"rendered":"<div data-vc-full-width=\"true\" data-vc-full-width-init=\"false\" class=\"vc_row wpb_row vc_row-fluid vc_custom_1634663500580 vc_row-has-fill\"><div class=\"wpb_column vc_column_container vc_col-sm-12\"><div class=\"vc_column-inner vc_custom_1540217898647\"><div class=\"wpb_wrapper\"><div style=\"background-color:;height: 80px\" class=\"nicdark_section\"><\/div><div class=\"vc_row wpb_row vc_inner vc_row-fluid vc_custom_1540301637852 vc_row-has-fill\"><div class=\"wpb_column vc_column_container vc_col-sm-3\"><div class=\"vc_column-inner vc_custom_1540218745910\"><div class=\"wpb_wrapper\"><div style=\"background-color:;height: 10px\" class=\"nicdark_section\"><\/div>\n    <div style=\"text-align:left\" class=\"nd_options_section\">\n      <img decoding=\"async\" alt=\"\" style=\"width:150px\" class=\"nd_options_margin_0 nd_options_padding_0\" src=\"http:\/\/taximauritius.com\/wp-content\/uploads\/2018\/11\/logo-color.png\">\n    <\/div>\n   <div style=\"background-color:;height: 25px\" class=\"nicdark_section\"><\/div><div style=\"background-color:;height: 25px\" class=\"nicdark_section\"><\/div>\n\t\n\t<a style=\"margin:0px 20px 0px 0px;border: px solid;border-radius:px;background-color:;padding:\" rel=\"\" target=\"_blank\" href=\"https:\/\/www.facebook.com\/destinationsoleildmc\/\" class=\"nicdark_display_inline_block nd_options_float_left\"><img decoding=\"async\" class=\"nd_options_float_left\" alt=\"\" width=\"22\" src=\"http:\/\/taximauritius.com\/wp-content\/uploads\/2018\/11\/facebook.png\"><\/a>\n\t\n\n\t\n\t<a style=\"margin:0px 20px 0px 0px;border: px solid;border-radius:px;background-color:;padding:\" rel=\"\" target=\"_blank\" href=\"https:\/\/www.instagram.com\/destinationsoleilmauritius\/\" class=\"nicdark_display_inline_block nd_options_float_left\"><img decoding=\"async\" class=\"nd_options_float_left\" alt=\"\" width=\"22\" src=\"http:\/\/taximauritius.com\/wp-content\/uploads\/2021\/10\/instagram.png\"><\/a>\n\t\n<div style=\"background-color:;height: 10px\" class=\"nicdark_section\"><\/div><\/div><\/div><\/div><div class=\"wpb_column vc_column_container vc_col-sm-9\"><div class=\"vc_column-inner\"><div class=\"wpb_wrapper\">\n\t<div class=\"wpb_text_column wpb_content_element\" >\n\t\t<div class=\"wpb_wrapper\">\n\t\t\t<p>To take full advantage of all the possibilities that Mauritius has to offer, you must first organize your stay well, as a poor knowledge of the island can waste precious time which usually ends in disappointment.<\/p>\n<p>This is why Taxi Mauritius with years of experience welcomes you from the moment you arrive at the airport, takes care of your excursions until your departure in a local and family atmosphere.<\/p>\n\n\t\t<\/div>\n\t<\/div>\n\n\t<div class=\"wpb_raw_code wpb_content_element wpb_raw_html\" >\n\t\t<div class=\"wpb_wrapper\">\n\t\t\t<div id=\"TA_rated211\" class=\"TA_rated\"><ul id=\"alc2WAfnctSf\" class=\"TA_links x1VcB9\"><li id=\"Usj5OfnghsY\" class=\"7FCIHLYd\"><a target=\"_blank\" href=\"https:\/\/www.tripadvisor.com\/Attraction_Review-g1182886-d1722037-Reviews-Taxi_Mauritius-Baie_du_Tombeau.html\"><img decoding=\"async\" src=\"https:\/\/www.tripadvisor.com\/img\/cdsi\/img2\/badges\/ollie-11424-2.gif\" alt=\"TripAdvisor\"\/><\/a><\/li><\/ul><\/div><script async src=\"https:\/\/www.jscache.com\/wejs?wtype=rated&amp;uniq=211&amp;locationId=1722037&amp;lang=en_US&amp;display_version=2\" data-loadtrk onload=\"this.loadtrk=true\"><\/script>\n\t\t<\/div>\n\t<\/div>\n<\/div><\/div><\/div><\/div><div class=\"vc_row wpb_row vc_inner vc_row-fluid vc_custom_1540220714996 vc_row-has-fill\"><div class=\"wpb_column vc_column_container vc_col-sm-12\"><div class=\"vc_column-inner vc_custom_1539695353436\"><div class=\"wpb_wrapper\"> <h6 style=\"color:#ffffff;padding:px;text-align:center;font-size:12px;line-height:12px;letter-spacing: 2px;font-weight:normal\" class=\"nd_options_text_align_center_responsive nd_options_first_font\">(C) 2021 TaxiMauritius.com. All rights reserved.<\/h6> <\/div><\/div><\/div><\/div><div style=\"background-color:;height: 80px\" class=\"nicdark_section\"><\/div><\/div><\/div><\/div><\/div><div class=\"vc_row-full-width vc_clearfix\"><\/div>","protected":false},"excerpt":{"rendered":"Pour bien profiter de toutes les possibilit\u00e9s qu'offre l'\u00eele Maurice, il convient d'abord de bien organiser son s\u00e9jour, car une mauvaise connaissance de l\u2019\u00eele peut vous faire perdre des temps pr\u00e9cieux qui finissent g\u00e9n\u00e9ralement en d\u00e9ception. C\u2019est pourquoi Taxi Mauritius avec des ann\u00e9es d\u2019exp\u00e9riences vous accueille d\u00e8s votre arriver \u00e0 l\u2019a\u00e9roport, s\u2019occupe de vos excursions [...]","protected":false},"author":1,"featured_media":0,"parent":0,"menu_order":0,"comment_status":"closed","ping_status":"closed","template":"","meta":{"footnotes":""},"class_list":["post-359","page","type-page","status-publish","hentry"],"yoast_head":"<!-- This site is optimized with the Yoast SEO plugin v27.5 - https:\/\/yoast.com\/product\/yoast-seo-wordpress\/ -->\n<title>Footer - Taxi Mauritius<\/title>\n<meta name=\"robots\" content=\"index, follow, max-snippet:-1, max-image-preview:large, max-video-preview:-1\" \/>\n<link rel=\"canonical\" href=\"http:\/\/taximauritius.com\/en\/footer\/\" \/>\n<meta property=\"og:locale\" content=\"en_US\" \/>\n<meta property=\"og:type\" content=\"article\" \/>\n<meta property=\"og:title\" content=\"Footer - Taxi Mauritius\" \/>\n<meta property=\"og:url\" content=\"http:\/\/taximauritius.com\/en\/footer\/\" \/>\n<meta property=\"og:site_name\" content=\"Taxi Mauritius\" \/>\n<meta property=\"article:modified_time\" content=\"2021-11-06T05:02:13+00:00\" \/>\n<meta name=\"twitter:card\" content=\"summary_large_image\" \/>\n<meta name=\"twitter:label1\" content=\"Est. reading time\" \/>\n\t<meta name=\"twitter:data1\" content=\"1 minute\" \/>\n<script type=\"application\/ld+json\" class=\"yoast-schema-graph\">{\"@context\":\"https:\\\/\\\/schema.org\",\"@graph\":[{\"@type\":\"WebPage\",\"@id\":\"http:\\\/\\\/taximauritius.com\\\/footer\\\/\",\"url\":\"http:\\\/\\\/taximauritius.com\\\/footer\\\/\",\"name\":\"Footer - Taxi Mauritius\",\"isPartOf\":{\"@id\":\"http:\\\/\\\/taximauritius.com\\\/#website\"},\"datePublished\":\"2018-10-16T12:23:31+00:00\",\"dateModified\":\"2021-11-06T05:02:13+00:00\",\"breadcrumb\":{\"@id\":\"http:\\\/\\\/taximauritius.com\\\/footer\\\/#breadcrumb\"},\"inLanguage\":\"en-US\",\"potentialAction\":[{\"@type\":\"ReadAction\",\"target\":[\"http:\\\/\\\/taximauritius.com\\\/footer\\\/\"]}]},{\"@type\":\"BreadcrumbList\",\"@id\":\"http:\\\/\\\/taximauritius.com\\\/footer\\\/#breadcrumb\",\"itemListElement\":[{\"@type\":\"ListItem\",\"position\":1,\"name\":\"Home\",\"item\":\"http:\\\/\\\/taximauritius.com\\\/\"},{\"@type\":\"ListItem\",\"position\":2,\"name\":\"Footer\"}]},{\"@type\":\"WebSite\",\"@id\":\"http:\\\/\\\/taximauritius.com\\\/#website\",\"url\":\"http:\\\/\\\/taximauritius.com\\\/\",\"name\":\"Taxi Mauritius\",\"description\":\"\",\"potentialAction\":[{\"@type\":\"SearchAction\",\"target\":{\"@type\":\"EntryPoint\",\"urlTemplate\":\"http:\\\/\\\/taximauritius.com\\\/?s={search_term_string}\"},\"query-input\":{\"@type\":\"PropertyValueSpecification\",\"valueRequired\":true,\"valueName\":\"search_term_string\"}}],\"inLanguage\":\"en-US\"}]}<\/script>\n<!-- \/ Yoast SEO plugin. -->","yoast_head_json":{"title":"Footer - Taxi Mauritius","robots":{"index":"index","follow":"follow","max-snippet":"max-snippet:-1","max-image-preview":"max-image-preview:large","max-video-preview":"max-video-preview:-1"},"canonical":"http:\/\/taximauritius.com\/en\/footer\/","og_locale":"en_US","og_type":"article","og_title":"Footer - Taxi Mauritius","og_url":"http:\/\/taximauritius.com\/en\/footer\/","og_site_name":"Taxi Mauritius","article_modified_time":"2021-11-06T05:02:13+00:00","twitter_card":"summary_large_image","twitter_misc":{"Est. reading time":"1 minute"},"schema":{"@context":"https:\/\/schema.org","@graph":[{"@type":"WebPage","@id":"http:\/\/taximauritius.com\/footer\/","url":"http:\/\/taximauritius.com\/footer\/","name":"Footer - Taxi Mauritius","isPartOf":{"@id":"http:\/\/taximauritius.com\/#website"},"datePublished":"2018-10-16T12:23:31+00:00","dateModified":"2021-11-06T05:02:13+00:00","breadcrumb":{"@id":"http:\/\/taximauritius.com\/footer\/#breadcrumb"},"inLanguage":"en-US","potentialAction":[{"@type":"ReadAction","target":["http:\/\/taximauritius.com\/footer\/"]}]},{"@type":"BreadcrumbList","@id":"http:\/\/taximauritius.com\/footer\/#breadcrumb","itemListElement":[{"@type":"ListItem","position":1,"name":"Home","item":"http:\/\/taximauritius.com\/"},{"@type":"ListItem","position":2,"name":"Footer"}]},{"@type":"WebSite","@id":"http:\/\/taximauritius.com\/#website","url":"http:\/\/taximauritius.com\/","name":"Taxi Mauritius","description":"","potentialAction":[{"@type":"SearchAction","target":{"@type":"EntryPoint","urlTemplate":"http:\/\/taximauritius.com\/?s={search_term_string}"},"query-input":{"@type":"PropertyValueSpecification","valueRequired":true,"valueName":"search_term_string"}}],"inLanguage":"en-US"}]}},"_links":{"self":[{"href":"http:\/\/taximauritius.com\/en\/wp-json\/wp\/v2\/pages\/359","targetHints":{"allow":["GET"]}}],"collection":[{"href":"http:\/\/taximauritius.com\/en\/wp-json\/wp\/v2\/pages"}],"about":[{"href":"http:\/\/taximauritius.com\/en\/wp-json\/wp\/v2\/types\/page"}],"author":[{"embeddable":true,"href":"http:\/\/taximauritius.com\/en\/wp-json\/wp\/v2\/users\/1"}],"replies":[{"embeddable":true,"href":"http:\/\/taximauritius.com\/en\/wp-json\/wp\/v2\/comments?post=359"}],"version-history":[{"count":10,"href":"http:\/\/taximauritius.com\/en\/wp-json\/wp\/v2\/pages\/359\/revisions"}],"predecessor-version":[{"id":1931,"href":"http:\/\/taximauritius.com\/en\/wp-json\/wp\/v2\/pages\/359\/revisions\/1931"}],"wp:attachment":[{"href":"http:\/\/taximauritius.com\/en\/wp-json\/wp\/v2\/media?parent=359"}],"curies":[{"name":"wp","href":"https:\/\/api.w.org\/{rel}","templated":true}]}}