{"id":1843,"date":"2021-10-03T16:53:45","date_gmt":"2021-10-03T16:53:45","guid":{"rendered":"http:\/\/taximauritius.com\/?page_id=1843"},"modified":"2021-10-03T17:51:13","modified_gmt":"2021-10-03T17:51:13","slug":"transfert-de-laeroport","status":"publish","type":"page","link":"http:\/\/taximauritius.com\/en\/transfert-de-laeroport\/","title":{"rendered":"Transfert de l&rsquo;a\u00e9roport"},"content":{"rendered":"<div data-vc-full-width=\"true\" data-vc-full-width-init=\"false\" data-vc-parallax=\"1.5\" data-vc-parallax-image=\"http:\/\/taximauritius.com\/wp-content\/uploads\/2021\/10\/johan-van-wambeke-_2VioFUgQVg-unsplash-1-scaled.jpg\" class=\"vc_row wpb_row vc_row-fluid nd_options_vc_parallax_filter_3 vc_custom_1633280371856 vc_row-has-fill vc_general vc_parallax vc_parallax-content-moving\"><div class=\"wpb_column vc_column_container vc_col-sm-12\"><div class=\"vc_column-inner\"><div class=\"wpb_wrapper\"> <h1 style=\"color:#ffffff;padding:px;text-align:center;font-size:50px;line-height:50px;letter-spacing: 0px;font-weight:bold\" class=\"nd_options_underline_effect nd_options_underline_effect_84  nd_options_first_font\">Airport <u>transfer<\/u><\/h1> <div style=\"background-color:;height: 35px\" class=\"nicdark_section\"><\/div><div style=\"background-color:;height: 65px\" class=\"nicdark_section\"><\/div><div style=\"background-color:;height: 55px\" class=\"nicdark_section\"><\/div><\/div><\/div><\/div><\/div><div class=\"vc_row-full-width vc_clearfix\"><\/div><div class=\"vc_row wpb_row vc_row-fluid vc_custom_1540215330041\"><div class=\"wpb_column vc_column_container vc_col-sm-12\"><div class=\"vc_column-inner vc_custom_1540215211755\"><div class=\"wpb_wrapper\"><div style=\"background-color:;height: 15px\" class=\"nicdark_section\"><\/div> <h2 style=\"color:;padding:px;text-align:;font-size:36px;line-height:40px;letter-spacing: 0px;font-weight:bold\" class=\"nd_options_underline_effect nd_options_underline_effect_678  nd_options_first_font\">Transfer from the airport to the <u>hotel<\/u><\/h2> <div style=\"background-color:;height: 30px\" class=\"nicdark_section\"><\/div>\n\t<div class=\"wpb_text_column wpb_content_element\" id=\"transfer-text\">\n\t\t<div class=\"wpb_wrapper\">\n\t\t\t<p>Easy booking. Reliable service. Great prices.\nWe provide reliable, low-cost airport transfers to hotels, villas, apartments &amp; private residences using a modern fleet of fully licensed &amp; insured taxis, minivans, minibuses and coaches. We will take you from the airport to your destination and back in comfort and safety,  with great customer service<\/p>\n<p>We offer transfers by car, minibus or bus with up to 25 seats.<\/p>\n<p>If you have children traveling with you, when booking you can request an infant or child seat (free service subject to availability).<\/p>\n<p><strong>Get to your accommodation with ease!<\/strong><\/p>\n<p>For your comfort we are equipped with recent and comfortable vehicles. Our drivers are experienced and aware of safety rules. Whatever your choice, our drivers are ready and waiting to welcome you. We track flight arrivals online and even if your flight is delayed or arrives early. We are available at all times to transport or welcome you to the airports of Mauritius.<\/p>\n<p>We carry out your transfers 7 days a week and 24 hours a day<\/p>\n\n\t\t<\/div>\n\t<\/div>\n<div style=\"background-color:;height: 20px\" class=\"nicdark_section\"><\/div><\/div><\/div><\/div><\/div><div class=\"vc_row wpb_row vc_row-fluid vc_custom_1540213173325\"><div class=\"wpb_column vc_column_container vc_col-sm-12\"><div class=\"vc_column-inner vc_custom_1539958436058\"><div class=\"wpb_wrapper\"> <h3 style=\"color:#9a9a9a;padding:px;text-align:center;font-size:14px;line-height:14px;letter-spacing: 2px;font-weight:normal\" class=\"nd_options_first_font\">AIRPORT TRANSPORT<\/h3> <div style=\"background-color:;height: 20px\" class=\"nicdark_section\"><\/div> <h2 style=\"color:;padding:px;text-align:center;font-size:36px;line-height:36px;letter-spacing: 0px;font-weight:bold\" class=\"nd_options_underline_effect nd_options_underline_effect_522  nd_options_first_font\">WHY BOOK A <u>TRANSFER<\/u><\/h2> <\/div><\/div><\/div><\/div><div class=\"vc_row wpb_row vc_row-fluid vc_custom_1633025960064\"><div class=\"wpb_column vc_column_container vc_col-sm-3\"><div class=\"vc_column-inner\"><div class=\"wpb_wrapper\">\n\t<div  class=\"wpb_single_image wpb_content_element vc_align_center  vc_custom_1633033086414\">\n\t\t\n\t\t<figure class=\"wpb_wrapper vc_figure\">\n\t\t\t<div class=\"vc_single_image-wrapper   vc_box_border_grey\"><img loading=\"lazy\" decoding=\"async\" width=\"64\" height=\"64\" src=\"http:\/\/taximauritius.com\/wp-content\/uploads\/2021\/09\/chauffeur.png\" class=\"vc_single_image-img attachment-full\" alt=\"\" \/><\/div>\n\t\t<\/figure>\n\t<\/div>\n <h3 style=\"color:;padding:px;text-align:center;font-size:24px;line-height:24px;letter-spacing: px;font-weight:\" class=\"\">Welcome on arrival<\/h3> <div style=\"background-color:;height: 20px\" class=\"nicdark_section\"><\/div> <p style=\"color:;padding:px;text-align:center;font-size:14px;line-height:24px;letter-spacing: px;font-weight:\" class=\"\">Your driver will be there to welcome you, no matter what<\/p> <\/div><\/div><\/div><div class=\"wpb_column vc_column_container vc_col-sm-3\"><div class=\"vc_column-inner\"><div class=\"wpb_wrapper\">\n\t<div  class=\"wpb_single_image wpb_content_element vc_align_center  vc_custom_1633025573205\">\n\t\t\n\t\t<figure class=\"wpb_wrapper vc_figure\">\n\t\t\t<div class=\"vc_single_image-wrapper   vc_box_border_grey\"><img loading=\"lazy\" decoding=\"async\" width=\"64\" height=\"64\" src=\"http:\/\/taximauritius.com\/wp-content\/uploads\/2021\/09\/discount.png\" class=\"vc_single_image-img attachment-full\" alt=\"\" \/><\/div>\n\t\t<\/figure>\n\t<\/div>\n <h3 style=\"color:;padding:px;text-align:center;font-size:24px;line-height:24px;letter-spacing: px;font-weight:\" class=\"\">Low prices<\/h3> <div style=\"background-color:;height: 20px\" class=\"nicdark_section\"><\/div> <p style=\"color:;padding:px;text-align:center;font-size:14px;line-height:24px;letter-spacing: px;font-weight:\" class=\"\">Enjoy a quality transfer at surprisingly low prices<\/p> <\/div><\/div><\/div><div class=\"wpb_column vc_column_container vc_col-sm-3\"><div class=\"vc_column-inner\"><div class=\"wpb_wrapper\">\n\t<div  class=\"wpb_single_image wpb_content_element vc_align_center  vc_custom_1633025642108\">\n\t\t\n\t\t<figure class=\"wpb_wrapper vc_figure\">\n\t\t\t<div class=\"vc_single_image-wrapper   vc_box_border_grey\"><img loading=\"lazy\" decoding=\"async\" width=\"64\" height=\"64\" src=\"http:\/\/taximauritius.com\/wp-content\/uploads\/2021\/09\/speed.png\" class=\"vc_single_image-img attachment-full\" alt=\"\" \/><\/div>\n\t\t<\/figure>\n\t<\/div>\n <h3 style=\"color:;padding:px;text-align:center;font-size:24px;line-height:24px;letter-spacing: px;font-weight:\" class=\"\">Rapidity<\/h3> <div style=\"background-color:;height: 20px\" class=\"nicdark_section\"><\/div> <p style=\"color:;padding:px;text-align:center;font-size:14px;line-height:24px;letter-spacing: px;font-weight:\" class=\"\">No queues or delays: you'll get to your destination quickly<\/p> <\/div><\/div><\/div><div class=\"wpb_column vc_column_container vc_col-sm-3\"><div class=\"vc_column-inner\"><div class=\"wpb_wrapper\">\n\t<div  class=\"wpb_single_image wpb_content_element vc_align_center  vc_custom_1633025911243\">\n\t\t\n\t\t<figure class=\"wpb_wrapper vc_figure\">\n\t\t\t<div class=\"vc_single_image-wrapper   vc_box_border_grey\"><img loading=\"lazy\" decoding=\"async\" width=\"64\" height=\"64\" src=\"http:\/\/taximauritius.com\/wp-content\/uploads\/2021\/09\/taxi.png\" class=\"vc_single_image-img attachment-full\" alt=\"\" \/><\/div>\n\t\t<\/figure>\n\t<\/div>\n <h3 style=\"color:;padding:px;text-align:center;font-size:24px;line-height:24px;letter-spacing: px;font-weight:\" class=\"\">Door to door<\/h3> <div style=\"background-color:;height: 20px\" class=\"nicdark_section\"><\/div> <p style=\"color:;padding:px;text-align:center;font-size:14px;line-height:24px;letter-spacing: px;font-weight:\" class=\"\">For your peace of mind, we will drop you off directly in front of your hotel<\/p> <\/div><\/div><\/div><\/div><div class=\"vc_row wpb_row vc_row-fluid vc_custom_1633282876327\"><div class=\"wpb_column vc_column_container vc_col-sm-12\"><div class=\"vc_column-inner\"><div class=\"wpb_wrapper\"> <h2 style=\"color:;padding:px;text-align:center;font-size:36px;line-height:36px;letter-spacing: 0px;font-weight:bold\" class=\"nd_options_underline_effect nd_options_underline_effect_29  nd_options_first_font\">Why book with <u>us?<\/u><\/h2> <\/div><\/div><\/div><\/div><div id=\"why-reserve\" data-vc-full-width=\"true\" data-vc-full-width-init=\"false\" data-vc-parallax=\"1.5\" class=\"vc_row wpb_row vc_row-fluid vc_custom_1633283470791 vc_row-has-fill vc_row-o-content-middle vc_row-flex vc_general vc_parallax vc_parallax-content-moving\"><div class=\"wpb_column vc_column_container vc_col-sm-1\/5\"><div class=\"vc_column-inner\"><div class=\"wpb_wrapper\"><\/div><\/div><\/div><div class=\"wpb_column vc_column_container vc_col-sm-1\/5\"><div class=\"vc_column-inner vc_custom_1633031831408\"><div class=\"wpb_wrapper\">\n    <div style=\"text-align:center\" class=\"nd_options_section\">\n      <img decoding=\"async\" alt=\"\" style=\"width:\" class=\"nd_options_margin_0 nd_options_padding_0\" src=\"http:\/\/taximauritius.com\/wp-content\/uploads\/2021\/09\/reputation.png\">\n    <\/div>\n   <div style=\"background-color:;height: 10px\" class=\"nicdark_section\"><\/div> <p style=\"color:#555555;padding:px;text-align:center;font-size:14px;line-height:18px;letter-spacing: 2px;font-weight:normal\" class=\"nd_options_second_font\">Excellent reputation<\/p> <\/div><\/div><\/div><div class=\"nd_options_border_width_0_first_div_important_responsive wpb_column vc_column_container vc_col-sm-1\/5 vc_col-has-fill\"><div class=\"vc_column-inner vc_custom_1633031799685\"><div class=\"wpb_wrapper\">\n    <div style=\"text-align:center\" class=\"nd_options_section\">\n      <img decoding=\"async\" alt=\"\" style=\"width:\" class=\"nd_options_margin_0 nd_options_padding_0\" src=\"http:\/\/taximauritius.com\/wp-content\/uploads\/2021\/09\/cancel-event.png\">\n    <\/div>\n   <div style=\"background-color:;height: 10px\" class=\"nicdark_section\"><\/div> <p style=\"color:#555555;padding:px;text-align:center;font-size:14px;line-height:18px;letter-spacing: 2px;font-weight:normal\" class=\"nd_options_second_font\">Free cancellation<\/p> <\/div><\/div><\/div><div class=\"wpb_column vc_column_container vc_col-sm-1\/5 vc_col-has-fill\"><div class=\"vc_column-inner vc_custom_1633031809774\"><div class=\"wpb_wrapper\">\n    <div style=\"text-align:center\" class=\"nd_options_section\">\n      <img decoding=\"async\" alt=\"\" style=\"width:\" class=\"nd_options_margin_0 nd_options_padding_0\" src=\"http:\/\/taximauritius.com\/wp-content\/uploads\/2021\/09\/driver.png\">\n    <\/div>\n   <div style=\"background-color:;height: 10px\" class=\"nicdark_section\"><\/div> <p style=\"color:#555555;padding:px;text-align:center;font-size:14px;line-height:18px;letter-spacing: 2px;font-weight:normal\" class=\"nd_options_second_font\">Professional drivers<\/p> <\/div><\/div><\/div><div class=\"wpb_column vc_column_container vc_col-sm-1\/5\"><div class=\"vc_column-inner\"><div class=\"wpb_wrapper\"><\/div><\/div><\/div><\/div><div class=\"vc_row-full-width vc_clearfix\"><\/div><div class=\"vc_row wpb_row vc_row-fluid vc_custom_1540213173325\"><div class=\"wpb_column vc_column_container vc_col-sm-12\"><div class=\"vc_column-inner vc_custom_1539958436058\"><div class=\"wpb_wrapper\"><div style=\"background-color:;height: 20px\" class=\"nicdark_section\"><\/div> <h2 style=\"color:;padding:px;text-align:center;font-size:36px;line-height:36px;letter-spacing: 0px;font-weight:bold\" class=\"nd_options_underline_effect nd_options_underline_effect_385  nd_options_first_font\">Our <u>fleet<\/u><\/h2> <\/div><\/div><\/div><\/div><div data-vc-full-width=\"true\" data-vc-full-width-init=\"false\" data-vc-parallax=\"1.5\" class=\"vc_row wpb_row vc_row-fluid our-fleet vc_custom_1633281541635 vc_row-has-fill vc_row-o-content-middle vc_row-flex vc_general vc_parallax vc_parallax-content-moving\"><div class=\"wpb_column vc_column_container vc_col-sm-4\"><div class=\"vc_column-inner\"><div class=\"wpb_wrapper\">\n    <div style=\"text-align:center\" class=\"nd_options_section\">\n      <img decoding=\"async\" alt=\"\" style=\"width:100%\" class=\"nd_options_margin_0 nd_options_padding_0\" src=\"http:\/\/taximauritius.com\/wp-content\/uploads\/2021\/10\/Accent_Sleeksilver_1_542x_7.png\">\n    <\/div>\n   <div style=\"background-color:;height: 10px\" class=\"nicdark_section\"><\/div> <p style=\"color:#555555;padding:px;text-align:center;font-size:14px;line-height:18px;letter-spacing: 2px;font-weight:normal\" class=\"nd_options_second_font\">Sedan Hyundai Accent<\/p>  <p style=\"color:#9a9a9a;padding:px;text-align:center;font-size:14px;line-height:18px;letter-spacing: 2px;font-weight:normal\" class=\"nd_options_second_font\">1-3 Pax<\/p> <\/div><\/div><\/div><div class=\"wpb_column vc_column_container vc_col-sm-4\"><div class=\"vc_column-inner\"><div class=\"wpb_wrapper\">\n    <div style=\"text-align:center\" class=\"nd_options_section\">\n      <img decoding=\"async\" alt=\"\" style=\"width:100%\" class=\"nd_options_margin_0 nd_options_padding_0\" src=\"http:\/\/taximauritius.com\/wp-content\/uploads\/2021\/10\/cfw-santa-fe.jpg\">\n    <\/div>\n   <div style=\"background-color:;height: 10px\" class=\"nicdark_section\"><\/div> <p style=\"color:#555555;padding:px;text-align:center;font-size:14px;line-height:18px;letter-spacing: 2px;font-weight:normal\" class=\"nd_options_second_font\">SUV Hyundai 1X 35<\/p>  <p style=\"color:#9a9a9a;padding:px;text-align:center;font-size:14px;line-height:18px;letter-spacing: 2px;font-weight:normal\" class=\"nd_options_second_font\">1-3 Pax<\/p> <\/div><\/div><\/div><div class=\"nd_options_border_width_0_first_div_important_responsive wpb_column vc_column_container vc_col-sm-4\"><div class=\"vc_column-inner\"><div class=\"wpb_wrapper\">\n    <div style=\"text-align:center\" class=\"nd_options_section\">\n      <img decoding=\"async\" alt=\"\" style=\"width:100%\" class=\"nd_options_margin_0 nd_options_padding_0\" src=\"http:\/\/taximauritius.com\/wp-content\/uploads\/2021\/10\/hiace.png\">\n    <\/div>\n   <div style=\"background-color:;height: 10px\" class=\"nicdark_section\"><\/div> <p style=\"color:#555555;padding:px;text-align:center;font-size:14px;line-height:18px;letter-spacing: 2px;font-weight:normal\" class=\"nd_options_second_font\">Toyota Hiace<\/p>  <p style=\"color:#9a9a9a;padding:px;text-align:center;font-size:14px;line-height:18px;letter-spacing: 2px;font-weight:normal\" class=\"nd_options_second_font\">1-10 Pax<\/p> <\/div><\/div><\/div><\/div><div class=\"vc_row-full-width vc_clearfix\"><\/div><div data-vc-full-width=\"true\" data-vc-full-width-init=\"false\" data-vc-parallax=\"1.5\" class=\"vc_row wpb_row vc_row-fluid our-fleet vc_custom_1633281541635 vc_row-has-fill vc_row-o-content-middle vc_row-flex vc_general vc_parallax vc_parallax-content-moving\"><div class=\"wpb_column vc_column_container vc_col-sm-4\"><div class=\"vc_column-inner\"><div class=\"wpb_wrapper\">\n    <div style=\"text-align:center\" class=\"nd_options_section\">\n      <img decoding=\"async\" alt=\"\" style=\"width:100%\" class=\"nd_options_margin_0 nd_options_padding_0\" src=\"http:\/\/taximauritius.com\/wp-content\/uploads\/2021\/10\/H1.png\">\n    <\/div>\n   <div style=\"background-color:;height: 10px\" class=\"nicdark_section\"><\/div> <p style=\"color:#555555;padding:px;text-align:center;font-size:14px;line-height:18px;letter-spacing: 2px;font-weight:normal\" class=\"nd_options_second_font\">Hyundai H1<\/p>  <p style=\"color:#9a9a9a;padding:px;text-align:center;font-size:14px;line-height:18px;letter-spacing: 2px;font-weight:normal\" class=\"nd_options_second_font\">1-7 Pax<\/p> <\/div><\/div><\/div><div class=\"wpb_column vc_column_container vc_col-sm-4\"><div class=\"vc_column-inner\"><div class=\"wpb_wrapper\">\n    <div style=\"text-align:center\" class=\"nd_options_section\">\n      <img decoding=\"async\" alt=\"\" style=\"width:100%\" class=\"nd_options_margin_0 nd_options_padding_0\" src=\"http:\/\/taximauritius.com\/wp-content\/uploads\/2021\/10\/IMG-20171206-WA0001.jpg\">\n    <\/div>\n   <div style=\"background-color:;height: 10px\" class=\"nicdark_section\"><\/div> <p style=\"color:#555555;padding:px;text-align:center;font-size:14px;line-height:18px;letter-spacing: 2px;font-weight:normal\" class=\"nd_options_second_font\">Coach<\/p>  <p style=\"color:#9a9a9a;padding:px;text-align:center;font-size:14px;line-height:18px;letter-spacing: 2px;font-weight:normal\" class=\"nd_options_second_font\">1-16 Pax<\/p> <\/div><\/div><\/div><div class=\"nd_options_border_width_0_first_div_important_responsive wpb_column vc_column_container vc_col-sm-4\"><div class=\"vc_column-inner\"><div class=\"wpb_wrapper\">\n    <div style=\"text-align:center\" class=\"nd_options_section\">\n      <img decoding=\"async\" alt=\"\" style=\"width:100%\" class=\"nd_options_margin_0 nd_options_padding_0\" src=\"http:\/\/taximauritius.com\/wp-content\/uploads\/2021\/10\/IMG-20171206-WA0000.jpg\">\n    <\/div>\n   <div style=\"background-color:;height: 10px\" class=\"nicdark_section\"><\/div> <p style=\"color:#555555;padding:px;text-align:center;font-size:14px;line-height:18px;letter-spacing: 2px;font-weight:normal\" class=\"nd_options_second_font\">kinglong<\/p>  <p style=\"color:#9a9a9a;padding:px;text-align:center;font-size:14px;line-height:18px;letter-spacing: 2px;font-weight:normal\" class=\"nd_options_second_font\">1-25 Pax<\/p> <\/div><\/div><\/div><\/div><div class=\"vc_row-full-width vc_clearfix\"><\/div>","protected":false},"excerpt":{"rendered":"Le transfert de l'a\u00e9roport Transfert de l\u2019a\u00e9roport a l\u2019h\u00f4tel R\u00e9servez d\u00e8s maintenant votre transfert et \u00e9vitez les interminables files d'attente pour un taxi! Transfert priv\u00e9, c'est le moyen le plus simple et le plus pratique pour vous rendre de l'a\u00e9roport \u00e0 votre h\u00f4tel ou votre lieu de s\u00e9jour. Vous serez attendus par un chauffeur \u00e0 [...]","protected":false},"author":1,"featured_media":0,"parent":0,"menu_order":0,"comment_status":"closed","ping_status":"closed","template":"","meta":{"footnotes":""},"class_list":["post-1843","page","type-page","status-publish","hentry"],"yoast_head":"<!-- This site is optimized with the Yoast SEO plugin v27.5 - https:\/\/yoast.com\/product\/yoast-seo-wordpress\/ -->\n<title>Transfert de l&#039;a\u00e9roport - Taxi Mauritius<\/title>\n<meta name=\"robots\" content=\"index, follow, max-snippet:-1, max-image-preview:large, max-video-preview:-1\" \/>\n<link rel=\"canonical\" href=\"http:\/\/taximauritius.com\/en\/transfert-de-laeroport\/\" \/>\n<meta property=\"og:locale\" content=\"en_US\" \/>\n<meta property=\"og:type\" content=\"article\" \/>\n<meta property=\"og:title\" content=\"Transfert de l&#039;a\u00e9roport - Taxi Mauritius\" \/>\n<meta property=\"og:url\" content=\"http:\/\/taximauritius.com\/en\/transfert-de-laeroport\/\" \/>\n<meta property=\"og:site_name\" content=\"Taxi Mauritius\" \/>\n<meta property=\"article:modified_time\" content=\"2021-10-03T17:51:13+00:00\" \/>\n<meta name=\"twitter:card\" content=\"summary_large_image\" \/>\n<meta name=\"twitter:label1\" content=\"Est. reading time\" \/>\n\t<meta name=\"twitter:data1\" content=\"3 minutes\" \/>\n<script type=\"application\/ld+json\" class=\"yoast-schema-graph\">{\"@context\":\"https:\\\/\\\/schema.org\",\"@graph\":[{\"@type\":\"WebPage\",\"@id\":\"http:\\\/\\\/taximauritius.com\\\/en\\\/transfert-de-laeroport\\\/\",\"url\":\"http:\\\/\\\/taximauritius.com\\\/en\\\/transfert-de-laeroport\\\/\",\"name\":\"Transfert de l'a\u00e9roport - Taxi Mauritius\",\"isPartOf\":{\"@id\":\"http:\\\/\\\/taximauritius.com\\\/#website\"},\"datePublished\":\"2021-10-03T16:53:45+00:00\",\"dateModified\":\"2021-10-03T17:51:13+00:00\",\"breadcrumb\":{\"@id\":\"http:\\\/\\\/taximauritius.com\\\/en\\\/transfert-de-laeroport\\\/#breadcrumb\"},\"inLanguage\":\"en-US\",\"potentialAction\":[{\"@type\":\"ReadAction\",\"target\":[\"http:\\\/\\\/taximauritius.com\\\/en\\\/transfert-de-laeroport\\\/\"]}]},{\"@type\":\"BreadcrumbList\",\"@id\":\"http:\\\/\\\/taximauritius.com\\\/en\\\/transfert-de-laeroport\\\/#breadcrumb\",\"itemListElement\":[{\"@type\":\"ListItem\",\"position\":1,\"name\":\"Home\",\"item\":\"http:\\\/\\\/taximauritius.com\\\/\"},{\"@type\":\"ListItem\",\"position\":2,\"name\":\"Transfert de l&rsquo;a\u00e9roport\"}]},{\"@type\":\"WebSite\",\"@id\":\"http:\\\/\\\/taximauritius.com\\\/#website\",\"url\":\"http:\\\/\\\/taximauritius.com\\\/\",\"name\":\"Taxi Mauritius\",\"description\":\"\",\"potentialAction\":[{\"@type\":\"SearchAction\",\"target\":{\"@type\":\"EntryPoint\",\"urlTemplate\":\"http:\\\/\\\/taximauritius.com\\\/?s={search_term_string}\"},\"query-input\":{\"@type\":\"PropertyValueSpecification\",\"valueRequired\":true,\"valueName\":\"search_term_string\"}}],\"inLanguage\":\"en-US\"}]}<\/script>\n<!-- \/ Yoast SEO plugin. -->","yoast_head_json":{"title":"Transfert de l'a\u00e9roport - Taxi Mauritius","robots":{"index":"index","follow":"follow","max-snippet":"max-snippet:-1","max-image-preview":"max-image-preview:large","max-video-preview":"max-video-preview:-1"},"canonical":"http:\/\/taximauritius.com\/en\/transfert-de-laeroport\/","og_locale":"en_US","og_type":"article","og_title":"Transfert de l'a\u00e9roport - Taxi Mauritius","og_url":"http:\/\/taximauritius.com\/en\/transfert-de-laeroport\/","og_site_name":"Taxi Mauritius","article_modified_time":"2021-10-03T17:51:13+00:00","twitter_card":"summary_large_image","twitter_misc":{"Est. reading time":"3 minutes"},"schema":{"@context":"https:\/\/schema.org","@graph":[{"@type":"WebPage","@id":"http:\/\/taximauritius.com\/en\/transfert-de-laeroport\/","url":"http:\/\/taximauritius.com\/en\/transfert-de-laeroport\/","name":"Transfert de l'a\u00e9roport - Taxi Mauritius","isPartOf":{"@id":"http:\/\/taximauritius.com\/#website"},"datePublished":"2021-10-03T16:53:45+00:00","dateModified":"2021-10-03T17:51:13+00:00","breadcrumb":{"@id":"http:\/\/taximauritius.com\/en\/transfert-de-laeroport\/#breadcrumb"},"inLanguage":"en-US","potentialAction":[{"@type":"ReadAction","target":["http:\/\/taximauritius.com\/en\/transfert-de-laeroport\/"]}]},{"@type":"BreadcrumbList","@id":"http:\/\/taximauritius.com\/en\/transfert-de-laeroport\/#breadcrumb","itemListElement":[{"@type":"ListItem","position":1,"name":"Home","item":"http:\/\/taximauritius.com\/"},{"@type":"ListItem","position":2,"name":"Transfert de l&rsquo;a\u00e9roport"}]},{"@type":"WebSite","@id":"http:\/\/taximauritius.com\/#website","url":"http:\/\/taximauritius.com\/","name":"Taxi Mauritius","description":"","potentialAction":[{"@type":"SearchAction","target":{"@type":"EntryPoint","urlTemplate":"http:\/\/taximauritius.com\/?s={search_term_string}"},"query-input":{"@type":"PropertyValueSpecification","valueRequired":true,"valueName":"search_term_string"}}],"inLanguage":"en-US"}]}},"_links":{"self":[{"href":"http:\/\/taximauritius.com\/en\/wp-json\/wp\/v2\/pages\/1843","targetHints":{"allow":["GET"]}}],"collection":[{"href":"http:\/\/taximauritius.com\/en\/wp-json\/wp\/v2\/pages"}],"about":[{"href":"http:\/\/taximauritius.com\/en\/wp-json\/wp\/v2\/types\/page"}],"author":[{"embeddable":true,"href":"http:\/\/taximauritius.com\/en\/wp-json\/wp\/v2\/users\/1"}],"replies":[{"embeddable":true,"href":"http:\/\/taximauritius.com\/en\/wp-json\/wp\/v2\/comments?post=1843"}],"version-history":[{"count":23,"href":"http:\/\/taximauritius.com\/en\/wp-json\/wp\/v2\/pages\/1843\/revisions"}],"predecessor-version":[{"id":1874,"href":"http:\/\/taximauritius.com\/en\/wp-json\/wp\/v2\/pages\/1843\/revisions\/1874"}],"wp:attachment":[{"href":"http:\/\/taximauritius.com\/en\/wp-json\/wp\/v2\/media?parent=1843"}],"curies":[{"name":"wp","href":"https:\/\/api.w.org\/{rel}","templated":true}]}}