{"id":1146,"date":"2018-11-06T13:30:57","date_gmt":"2018-11-06T13:30:57","guid":{"rendered":"http:\/\/localhost\/themeforest\/themes\/lovetravel\/?page_id=1146"},"modified":"2021-11-08T06:33:52","modified_gmt":"2021-11-08T06:33:52","slug":"contact-nous","status":"publish","type":"page","link":"http:\/\/taximauritius.com\/en\/contact-nous\/","title":{"rendered":"Contact nous"},"content":{"rendered":"<div data-vc-full-width=\"true\" data-vc-full-width-init=\"false\" data-vc-parallax=\"1.5\" data-vc-parallax-image=\"http:\/\/taximauritius.com\/wp-content\/uploads\/2021\/11\/contactus-1.jpg\" class=\"vc_row wpb_row vc_row-fluid vc_custom_1636127529908 vc_row-has-fill vc_general vc_parallax vc_parallax-content-moving\"><div class=\"wpb_column vc_column_container vc_col-sm-12\"><div class=\"vc_column-inner\"><div class=\"wpb_wrapper\"> <h1 style=\"color:;padding:px;text-align:center;font-size:50px;line-height:50px;letter-spacing: 0px;font-weight:bold\" class=\"nd_options_underline_effect nd_options_underline_effect_107  nd_options_first_font\">Contactez <u>nous<\/u><\/h1> <div style=\"background-color:;height: 120px\" class=\"nicdark_section\"><\/div><\/div><\/div><\/div><\/div><div class=\"vc_row-full-width vc_clearfix\"><\/div><div class=\"vc_row wpb_row vc_row-fluid vc_custom_1636127683648\"><div class=\"wpb_column vc_column_container vc_col-sm-6\"><div class=\"vc_column-inner vc_custom_1467214267244\"><div class=\"wpb_wrapper\"><div style=\"background-color:;height: 20px\" class=\"nicdark_section\"><\/div>\n\n    <!--start form-->\n    <div id=\"nd_options_shortcode_cf7_1220\" class=\"nd_options_section\">\n      \n      <div class=\"nd_options_section nd_options_box_sizing_border_box\">\n        \n<div class=\"wpcf7 no-js\" id=\"wpcf7-f1220-o1\" lang=\"en-US\" dir=\"ltr\">\n<div class=\"screen-reader-response\"><p role=\"status\" aria-live=\"polite\" aria-atomic=\"true\"><\/p> <ul><\/ul><\/div>\n<form action=\"\/en\/wp-json\/wp\/v2\/pages\/1146#wpcf7-f1220-o1\" method=\"post\" class=\"wpcf7-form init\" aria-label=\"Contact form\" novalidate=\"novalidate\" data-status=\"init\" data-trp-original-action=\"\/en\/wp-json\/wp\/v2\/pages\/1146#wpcf7-f1220-o1\">\n<input type=\"hidden\" name=\"_wpcf7\" value=\"1220\" \/><input type=\"hidden\" name=\"_wpcf7_version\" value=\"6.1.5\" \/><input type=\"hidden\" name=\"_wpcf7_locale\" value=\"en_US\" \/><input type=\"hidden\" name=\"_wpcf7_unit_tag\" value=\"wpcf7-f1220-o1\" \/><input type=\"hidden\" name=\"_wpcf7_container_post\" value=\"0\" \/><input type=\"hidden\" name=\"_wpcf7_posted_data_hash\" value=\"\" \/>\n\n<div class=\"nd_options_float_left nd_options_box_sizing_border_box nd_options_width_100_percentage_all_iphone_important nd_options_padding_0_right_important_all_iphone nd_options_padding_0_left_important_all_iphone\" style=\"padding: 0px 10px 15px 0px;width:100%\">\n<\/p>\n<p>Name :\n<\/p>\n<p><span class=\"wpcf7-form-control-wrap\" data-name=\"name-form\"><\/span><\/div><br \/>\n<div class=\"nd_options_float_left nd_options_box_sizing_border_box nd_options_width_100_percentage_all_iphone_important nd_options_padding_0_right_important_all_iphone nd_options_padding_0_left_important_all_iphone\" style=\"padding: 0px 10px 15px 0px;width:100%\">\n<\/p>\n<p>Email :\n<\/p>\n<p><span class=\"wpcf7-form-control-wrap\" data-name=\"email\"><\/span><\/div><br \/>\n<div class=\"nd_options_float_left nd_options_box_sizing_border_box nd_options_width_100_percentage_all_iphone_important nd_options_padding_0_right_important_all_iphone nd_options_padding_0_left_important_all_iphone\" style=\"padding: 0px 10px 15px 0px;width:100%\">\n<\/p>\n<p>Message :\n<\/p>\n<p><span class=\"wpcf7-form-control-wrap\" data-name=\"message\"><textarea cols=\"40\" rows=\"5\" class=\"wpcf7-form-control wpcf7-textarea nd_options_padding_10_20_important nd_options_margin_top_10\" name=\"message\"><\/textarea><\/span><\/div><br \/>\n<div class=\"nd_options_float_left nd_options_box_sizing_border_box nd_options_width_100_percentage_all_iphone_important nd_options_padding_0_right_important_all_iphone nd_options_padding_0_left_important_all_iphone\" style=\"padding: 0px 0px 0px 0px;width:30%\"><\/div><div class=\"wpcf7-response-output\" aria-hidden=\"true\"><\/div>\n<input type=\"hidden\" name=\"trp-form-language\" value=\"en\"\/><\/form>\n<\/div>\n \n      <\/div>  \n\n    <\/div>\n    <!--end form-->\n\n   <\/div><\/div><\/div><div class=\"wpb_column vc_column_container vc_col-sm-6\"><div class=\"vc_column-inner vc_custom_1467214272039\"><div class=\"wpb_wrapper\"><div class=\"wpb_gmaps_widget wpb_content_element\"><div class=\"wpb_wrapper\"><div class=\"wpb_map_wraper\"><iframe loading=\"lazy\" src=\"https:\/\/www.google.com\/maps\/embed?pb=!1m14!1m8!1m3!1d14983.947429731774!2d57.5052774!3d-20.1345959!3m2!1i1024!2i768!4f13.1!3m3!1m2!1s0x0%3A0xa15d5c035bf4a565!2sDestination%20Soleil!5e0!3m2!1sen!2smu!4v1636127984939!5m2!1sen!2smu\" width=\"100%\" height=\"280\" frameborder=\"0\" style=\"border:0\" allowfullscreen><\/iframe><\/div><\/div><\/div><div style=\"background-color:;height: 25px\" class=\"nicdark_section\"><\/div><div class=\"vc_row wpb_row vc_inner vc_row-fluid\"><div class=\"wpb_column vc_column_container vc_col-sm-12\" id=\"contact-details\"><div class=\"vc_column-inner\"><div class=\"wpb_wrapper\">\n\n\n  <div class=\"nd_options_section contact-phone nd_options_display_table\">\n    <div class=\"nd_options_display_table_cell nd_options_vertical_align_middle nd_options_width_50_percentage nd_options_text_align_left nd_options_padding_10 nd_options_box_sizing_border_box\">\n      <p class=\"nd_options_second_font nd_options_margin_0 nd_options_padding_0\" style=\"color:#555555\">Phone :<\/p>\n    <\/div>\n    <div class=\"nd_options_display_table_cell nd_options_vertical_align_middle nd_options_width_50_percentage nd_options_text_align_right nd_options_padding_10 nd_options_box_sizing_border_box\">\n      <p class=\"nd_options_second_font nd_options_margin_0 nd_options_padding_0\" style=\"color:\">(+230) 54934065 \/ (+ 230) 59167662 \/ (+ 230) 2471162<\/p>\n    <\/div>\n  <\/div>\n\n\n   <div style=\"background-color:#f1f1f1;height: 1px\" class=\"nicdark_section\"><\/div>\n\n\n  <div class=\"nd_options_section  nd_options_display_table\">\n    <div class=\"nd_options_display_table_cell nd_options_vertical_align_middle nd_options_width_50_percentage nd_options_text_align_left nd_options_padding_10 nd_options_box_sizing_border_box\">\n      <p class=\"nd_options_second_font nd_options_margin_0 nd_options_padding_0\" style=\"color:#555555\">Email :<\/p>\n    <\/div>\n    <div class=\"nd_options_display_table_cell nd_options_vertical_align_middle nd_options_width_50_percentage nd_options_text_align_right nd_options_padding_10 nd_options_box_sizing_border_box\">\n      <p class=\"nd_options_second_font nd_options_margin_0 nd_options_padding_0\" style=\"color:\">info@taximauritius.com<\/p>\n    <\/div>\n  <\/div>\n\n\n   <div style=\"background-color:#f1f1f1;height: 1px\" class=\"nicdark_section\"><\/div>\n\n\n  <div class=\"nd_options_section  nd_options_display_table\">\n    <div class=\"nd_options_display_table_cell nd_options_vertical_align_middle nd_options_width_50_percentage nd_options_text_align_left nd_options_padding_10 nd_options_box_sizing_border_box\">\n      <p class=\"nd_options_second_font nd_options_margin_0 nd_options_padding_0\" style=\"color:#555555\">BRN:<\/p>\n    <\/div>\n    <div class=\"nd_options_display_table_cell nd_options_vertical_align_middle nd_options_width_50_percentage nd_options_text_align_right nd_options_padding_10 nd_options_box_sizing_border_box\">\n      <p class=\"nd_options_second_font nd_options_margin_0 nd_options_padding_0\" style=\"color:\">I10012502<\/p>\n    <\/div>\n  <\/div>\n\n\n   <\/div><\/div><\/div><\/div><div style=\"background-color:;height: 35px\" class=\"nicdark_section\"><\/div><\/div><\/div><\/div><\/div>","protected":false},"excerpt":{"rendered":"Contactez nous Name : Email : Message : Phone : (+230) 54934065 \/ (+ 230) 59167662 \/ (+ 230) 2471162 Email : info@taximauritius.com BRN: I10012502","protected":false},"author":1,"featured_media":1912,"parent":0,"menu_order":0,"comment_status":"closed","ping_status":"closed","template":"","meta":{"footnotes":""},"class_list":["post-1146","page","type-page","status-publish","has-post-thumbnail","hentry"],"yoast_head":"<!-- This site is optimized with the Yoast SEO plugin v27.5 - https:\/\/yoast.com\/product\/yoast-seo-wordpress\/ -->\n<title>Contact nous - Taxi Mauritius<\/title>\n<meta name=\"description\" content=\"Nous vous \u00e9paulons tout au long de votre s\u00e9jour pour que vos vacances soient non seulement agr\u00e9ables mais aussi m\u00e9morable.\" \/>\n<meta name=\"robots\" content=\"index, follow, max-snippet:-1, max-image-preview:large, max-video-preview:-1\" \/>\n<link rel=\"canonical\" href=\"http:\/\/taximauritius.com\/en\/contact-nous\/\" \/>\n<meta property=\"og:locale\" content=\"en_US\" \/>\n<meta property=\"og:type\" content=\"article\" \/>\n<meta property=\"og:title\" content=\"Contact nous - Taxi Mauritius\" \/>\n<meta property=\"og:description\" content=\"Nous vous \u00e9paulons tout au long de votre s\u00e9jour pour que vos vacances soient non seulement agr\u00e9ables mais aussi m\u00e9morable.\" \/>\n<meta property=\"og:url\" content=\"http:\/\/taximauritius.com\/en\/contact-nous\/\" \/>\n<meta property=\"og:site_name\" content=\"Taxi Mauritius\" \/>\n<meta property=\"article:modified_time\" content=\"2021-11-08T06:33:52+00:00\" \/>\n<meta property=\"og:image\" content=\"http:\/\/taximauritius.com\/wp-content\/uploads\/2021\/11\/contactus-1.jpg\" \/>\n\t<meta property=\"og:image:width\" content=\"1920\" \/>\n\t<meta property=\"og:image:height\" content=\"800\" \/>\n\t<meta property=\"og:image:type\" content=\"image\/jpeg\" \/>\n<meta name=\"twitter:card\" content=\"summary_large_image\" \/>\n<meta name=\"twitter:label1\" content=\"Est. reading time\" \/>\n\t<meta name=\"twitter:data1\" content=\"1 minute\" \/>\n<script type=\"application\/ld+json\" class=\"yoast-schema-graph\">{\"@context\":\"https:\\\/\\\/schema.org\",\"@graph\":[{\"@type\":\"WebPage\",\"@id\":\"http:\\\/\\\/taximauritius.com\\\/en\\\/contact-nous\\\/\",\"url\":\"http:\\\/\\\/taximauritius.com\\\/en\\\/contact-nous\\\/\",\"name\":\"Contact nous - Taxi Mauritius\",\"isPartOf\":{\"@id\":\"http:\\\/\\\/taximauritius.com\\\/#website\"},\"primaryImageOfPage\":{\"@id\":\"http:\\\/\\\/taximauritius.com\\\/en\\\/contact-nous\\\/#primaryimage\"},\"image\":{\"@id\":\"http:\\\/\\\/taximauritius.com\\\/en\\\/contact-nous\\\/#primaryimage\"},\"thumbnailUrl\":\"http:\\\/\\\/taximauritius.com\\\/wp-content\\\/uploads\\\/2021\\\/11\\\/contactus-1.jpg\",\"datePublished\":\"2018-11-06T13:30:57+00:00\",\"dateModified\":\"2021-11-08T06:33:52+00:00\",\"description\":\"Nous vous \u00e9paulons tout au long de votre s\u00e9jour pour que vos vacances soient non seulement agr\u00e9ables mais aussi m\u00e9morable.\",\"breadcrumb\":{\"@id\":\"http:\\\/\\\/taximauritius.com\\\/en\\\/contact-nous\\\/#breadcrumb\"},\"inLanguage\":\"en-US\",\"potentialAction\":[{\"@type\":\"ReadAction\",\"target\":[\"http:\\\/\\\/taximauritius.com\\\/en\\\/contact-nous\\\/\"]}]},{\"@type\":\"ImageObject\",\"inLanguage\":\"en-US\",\"@id\":\"http:\\\/\\\/taximauritius.com\\\/en\\\/contact-nous\\\/#primaryimage\",\"url\":\"http:\\\/\\\/taximauritius.com\\\/wp-content\\\/uploads\\\/2021\\\/11\\\/contactus-1.jpg\",\"contentUrl\":\"http:\\\/\\\/taximauritius.com\\\/wp-content\\\/uploads\\\/2021\\\/11\\\/contactus-1.jpg\",\"width\":1920,\"height\":800},{\"@type\":\"BreadcrumbList\",\"@id\":\"http:\\\/\\\/taximauritius.com\\\/en\\\/contact-nous\\\/#breadcrumb\",\"itemListElement\":[{\"@type\":\"ListItem\",\"position\":1,\"name\":\"Home\",\"item\":\"http:\\\/\\\/taximauritius.com\\\/\"},{\"@type\":\"ListItem\",\"position\":2,\"name\":\"Contact nous\"}]},{\"@type\":\"WebSite\",\"@id\":\"http:\\\/\\\/taximauritius.com\\\/#website\",\"url\":\"http:\\\/\\\/taximauritius.com\\\/\",\"name\":\"Taxi Mauritius\",\"description\":\"\",\"potentialAction\":[{\"@type\":\"SearchAction\",\"target\":{\"@type\":\"EntryPoint\",\"urlTemplate\":\"http:\\\/\\\/taximauritius.com\\\/?s={search_term_string}\"},\"query-input\":{\"@type\":\"PropertyValueSpecification\",\"valueRequired\":true,\"valueName\":\"search_term_string\"}}],\"inLanguage\":\"en-US\"}]}<\/script>\n<!-- \/ Yoast SEO plugin. -->","yoast_head_json":{"title":"Contact nous - Taxi Mauritius","description":"Nous vous \u00e9paulons tout au long de votre s\u00e9jour pour que vos vacances soient non seulement agr\u00e9ables mais aussi m\u00e9morable.","robots":{"index":"index","follow":"follow","max-snippet":"max-snippet:-1","max-image-preview":"max-image-preview:large","max-video-preview":"max-video-preview:-1"},"canonical":"http:\/\/taximauritius.com\/en\/contact-nous\/","og_locale":"en_US","og_type":"article","og_title":"Contact nous - Taxi Mauritius","og_description":"Nous vous \u00e9paulons tout au long de votre s\u00e9jour pour que vos vacances soient non seulement agr\u00e9ables mais aussi m\u00e9morable.","og_url":"http:\/\/taximauritius.com\/en\/contact-nous\/","og_site_name":"Taxi Mauritius","article_modified_time":"2021-11-08T06:33:52+00:00","og_image":[{"width":1920,"height":800,"url":"http:\/\/taximauritius.com\/wp-content\/uploads\/2021\/11\/contactus-1.jpg","type":"image\/jpeg"}],"twitter_card":"summary_large_image","twitter_misc":{"Est. reading time":"1 minute"},"schema":{"@context":"https:\/\/schema.org","@graph":[{"@type":"WebPage","@id":"http:\/\/taximauritius.com\/en\/contact-nous\/","url":"http:\/\/taximauritius.com\/en\/contact-nous\/","name":"Contact nous - Taxi Mauritius","isPartOf":{"@id":"http:\/\/taximauritius.com\/#website"},"primaryImageOfPage":{"@id":"http:\/\/taximauritius.com\/en\/contact-nous\/#primaryimage"},"image":{"@id":"http:\/\/taximauritius.com\/en\/contact-nous\/#primaryimage"},"thumbnailUrl":"http:\/\/taximauritius.com\/wp-content\/uploads\/2021\/11\/contactus-1.jpg","datePublished":"2018-11-06T13:30:57+00:00","dateModified":"2021-11-08T06:33:52+00:00","description":"Nous vous \u00e9paulons tout au long de votre s\u00e9jour pour que vos vacances soient non seulement agr\u00e9ables mais aussi m\u00e9morable.","breadcrumb":{"@id":"http:\/\/taximauritius.com\/en\/contact-nous\/#breadcrumb"},"inLanguage":"en-US","potentialAction":[{"@type":"ReadAction","target":["http:\/\/taximauritius.com\/en\/contact-nous\/"]}]},{"@type":"ImageObject","inLanguage":"en-US","@id":"http:\/\/taximauritius.com\/en\/contact-nous\/#primaryimage","url":"http:\/\/taximauritius.com\/wp-content\/uploads\/2021\/11\/contactus-1.jpg","contentUrl":"http:\/\/taximauritius.com\/wp-content\/uploads\/2021\/11\/contactus-1.jpg","width":1920,"height":800},{"@type":"BreadcrumbList","@id":"http:\/\/taximauritius.com\/en\/contact-nous\/#breadcrumb","itemListElement":[{"@type":"ListItem","position":1,"name":"Home","item":"http:\/\/taximauritius.com\/"},{"@type":"ListItem","position":2,"name":"Contact nous"}]},{"@type":"WebSite","@id":"http:\/\/taximauritius.com\/#website","url":"http:\/\/taximauritius.com\/","name":"Taxi Mauritius","description":"","potentialAction":[{"@type":"SearchAction","target":{"@type":"EntryPoint","urlTemplate":"http:\/\/taximauritius.com\/?s={search_term_string}"},"query-input":{"@type":"PropertyValueSpecification","valueRequired":true,"valueName":"search_term_string"}}],"inLanguage":"en-US"}]}},"_links":{"self":[{"href":"http:\/\/taximauritius.com\/en\/wp-json\/wp\/v2\/pages\/1146","targetHints":{"allow":["GET"]}}],"collection":[{"href":"http:\/\/taximauritius.com\/en\/wp-json\/wp\/v2\/pages"}],"about":[{"href":"http:\/\/taximauritius.com\/en\/wp-json\/wp\/v2\/types\/page"}],"author":[{"embeddable":true,"href":"http:\/\/taximauritius.com\/en\/wp-json\/wp\/v2\/users\/1"}],"replies":[{"embeddable":true,"href":"http:\/\/taximauritius.com\/en\/wp-json\/wp\/v2\/comments?post=1146"}],"version-history":[{"count":12,"href":"http:\/\/taximauritius.com\/en\/wp-json\/wp\/v2\/pages\/1146\/revisions"}],"predecessor-version":[{"id":1934,"href":"http:\/\/taximauritius.com\/en\/wp-json\/wp\/v2\/pages\/1146\/revisions\/1934"}],"wp:featuredmedia":[{"embeddable":true,"href":"http:\/\/taximauritius.com\/en\/wp-json\/wp\/v2\/media\/1912"}],"wp:attachment":[{"href":"http:\/\/taximauritius.com\/en\/wp-json\/wp\/v2\/media?parent=1146"}],"curies":[{"name":"wp","href":"https:\/\/api.w.org\/{rel}","templated":true}]}}